{"id":181,"date":"2024-05-29T17:26:45","date_gmt":"2024-05-29T15:26:45","guid":{"rendered":"https:\/\/neuromeer.net\/?page_id=181"},"modified":"2024-05-31T09:32:48","modified_gmt":"2024-05-31T07:32:48","slug":"impressum","status":"publish","type":"page","link":"https:\/\/neuromeer.net\/?page_id=181","title":{"rendered":"Impressum"},"content":{"rendered":"\n<p>Diese Seite wird betrieben von:<br><br>Sabine Zuch-Haischmann<\/p>\n\n\n\n<p>Lenaustrasse 4a, 15370 Petershagen, Email:impressum2024@neuromeer.net<\/p>\n\n\n\n<p>Alle Texte dieser Seite sind geistiges Eigentum der Ersteller und unterliegen dem deutschen Urheberrecht und internationalen Copyright. Die Vervielf\u00e4ltigung, Bearbeitung, Verbreitung und jede Art der Verwertung au\u00dferhalb der Grenzen des Urheberrechtes bed\u00fcrfen der schriftlichen Zustimmung des jeweiligen Recteinhabers. Downloads und Kopien dieser Seite sind nur f\u00fcr den privaten, nicht kommerziellen Gebrauch gestattet. Urheberrechte Dritter werden beachtet und gekennzeichnet.  Sollten Sie trotzdem auf eine Urheberrechtsverletzung aufmerksam werden, bitten wir um einen entsprechenden Hinweis. Bei Bekanntwerden von Rechtsverletzungen werden wir derartige Inhalte umgehend entfernen.<\/p>\n\n\n\n<p>EU Plattform zur Online-Streitbeilegung<br>Die Europ\u00e4ische Kommission stellt eine Plattform f\u00fcr die au\u00dfergerichtliche Online-Streitbeilegung (OS-Plattform) bereit, die unter <a href=\"https:\/\/www.ec.europa.eu\/consumers\/odr\">www.ec.europa.eu\/consumers\/odr<\/a> aufrufbar ist.<br>Wir sind weder bereit, noch verpflichtet, an einer Online-Streibeilegung teilzunehmen.<\/p>\n\n\n\n<p>Verantwortliche\/r i.S.d. Presserechts \u00a7 18 Abs. 2 MStV:<br>Sabine Zuch-Haischmann, Lenaustrasse 4a, 15370 Petershagen<\/p>\n\n\n\n<p>Haftung f\u00fcr Links<br>Unser Angebot enth\u00e4lt Links zu externen Webseiten Dritter, auf deren Inhalte wir keinen Einfluss haben. Deshalb k\u00f6nnen wir f\u00fcr diese fremden Inhalte auch keine Verantwortung \u00fcbernehmen. F\u00fcr die Inhalte der verlinkten Seiten ist stets der jeweilige Anbieter oder Betreiber der Seiten verantwortlich. Die verlinkten Seiten wurden zum Zeitpunkt der Verlinkung auf m\u00f6gliche Rechtsverst\u00f6\u00dfe \u00fcberpr\u00fcft. Rechtswidrige Inhalte waren zum Zeitpunkt der Verlinkung nicht erkennbar. Eine permanente inhaltliche Kontrolle der verlinkten Seiten ist jedoch ohne konkrete Anhaltspunkte einer Rechtsverletzung nicht zumutbar. Bei Bekanntwerden von Rechtsverletzungen werden wir derartige Links umgehend entfernen.<br>Wir bitten um eine Meldung an die Email:impressum2024@neuromeer.net oder \u00fcber das Kontaktformular. <\/p>\n\n\n\n<p>Haftung f\u00fcr Inhalte<br>Die Inhalte unserer Seiten wurden mit gro\u00dfer Sorgfalt erstellt. F\u00fcr die Richtigkeit, Vollst\u00e4ndigkeit und Aktualit\u00e4t der Inhalte k\u00f6nnen wir jedoch keine Gew\u00e4hr \u00fcbernehmen. Als Diensteanbieter sind wir gem\u00e4\u00df \u00a7 7 Abs.1 TMG f\u00fcr eigene Inhalte auf diesen Seiten nach den allgemeinen Gesetzen verantwortlich. Nach \u00a7\u00a7 8 bis 10 TMG sind wir als Diensteanbieter jedoch nicht verpflichtet, \u00fcbermittelte oder gespeicherte fremde Informationen zu \u00fcberwachen oder nach Umst\u00e4nden zu forschen, die auf eine rechtswidrige T\u00e4tigkeit hinweisen. Verpflichtungen zur Entfernung oder Sperrung der Nutzung von Informationen nach den allgemeinen Gesetzen bleiben hiervon unber\u00fchrt. Eine diesbez\u00fcgliche Haftung ist jedoch erst ab dem Zeitpunkt der Kenntnis einer konkreten Rechtsverletzung m\u00f6glich. Bei Bekanntwerden von entsprechenden Rechtsverletzungen werden wir diese Inhalte umgehend entfernen. Wir bitten daher um eine Meldung an die Email:impressum2024@neuromeer.net oder \u00fcber das Kontaktformular. <\/p>\n\n\n\n<p><\/p>\n","protected":false},"excerpt":{"rendered":"<p>Diese Seite wird betrieben von: Sabine Zuch-Haischmann Lenaustrasse 4a, 15370 Petershagen, Email:impressum2024@neuromeer.net Alle Texte dieser Seite sind geistiges Eigentum der Ersteller und unterliegen dem deutschen Urheberrecht und internationalen Copyright. Die Vervielf\u00e4ltigung, Bearbeitung, Verbreitung und jede Art der Verwertung au\u00dferhalb der Grenzen des Urheberrechtes bed\u00fcrfen der schriftlichen Zustimmung des jeweiligen Recteinhabers. Downloads und Kopien dieser Seite [&hellip;]<\/p>\n","protected":false},"author":1,"featured_media":0,"parent":0,"menu_order":0,"comment_status":"closed","ping_status":"closed","template":"","meta":{"footnotes":""},"class_list":["post-181","page","type-page","status-publish","hentry"],"_links":{"self":[{"href":"https:\/\/neuromeer.net\/index.php?rest_route=\/wp\/v2\/pages\/181","targetHints":{"allow":["GET"]}}],"collection":[{"href":"https:\/\/neuromeer.net\/index.php?rest_route=\/wp\/v2\/pages"}],"about":[{"href":"https:\/\/neuromeer.net\/index.php?rest_route=\/wp\/v2\/types\/page"}],"author":[{"embeddable":true,"href":"https:\/\/neuromeer.net\/index.php?rest_route=\/wp\/v2\/users\/1"}],"replies":[{"embeddable":true,"href":"https:\/\/neuromeer.net\/index.php?rest_route=%2Fwp%2Fv2%2Fcomments&post=181"}],"version-history":[{"count":5,"href":"https:\/\/neuromeer.net\/index.php?rest_route=\/wp\/v2\/pages\/181\/revisions"}],"predecessor-version":[{"id":220,"href":"https:\/\/neuromeer.net\/index.php?rest_route=\/wp\/v2\/pages\/181\/revisions\/220"}],"wp:attachment":[{"href":"https:\/\/neuromeer.net\/index.php?rest_route=%2Fwp%2Fv2%2Fmedia&parent=181"}],"curies":[{"name":"wp","href":"https:\/\/api.w.org\/{rel}","templated":true}]}}