{"id":50,"date":"2024-04-23T10:32:50","date_gmt":"2024-04-23T08:32:50","guid":{"rendered":"https:\/\/neuromeer.net\/?page_id=50"},"modified":"2025-08-31T21:27:21","modified_gmt":"2025-08-31T19:27:21","slug":"uber-uns","status":"publish","type":"page","link":"https:\/\/neuromeer.net\/?page_id=50","title":{"rendered":"\u00dcber uns"},"content":{"rendered":"\n<div style=\"height:var(--wp--preset--spacing--50)\" aria-hidden=\"true\" class=\"wp-block-spacer\"><\/div>\n\n\n\n<div class=\"wp-block-group alignwide has-global-padding is-layout-constrained wp-block-group-is-layout-constrained\">\n<h1 class=\"wp-block-heading alignwide has-xx-large-font-size\" style=\"line-height:1.2\">Wir haben durch die Neurographik zusammen gefunden und geben mit Leidenschaft unser Wissen f\u00fcr dich weiter. Jede mit ihrer eigenen Geschichte, um deine Geschichte mit neuen Linien und neuen Gedanken zu bereichern und zu erfrischen<\/h1>\n<\/div>\n\n\n\n<div class=\"wp-block-group alignfull has-global-padding is-layout-constrained wp-container-core-group-is-layout-b25ccd55 wp-block-group-is-layout-constrained\" style=\"margin-top:0;margin-bottom:0;padding-top:var(--wp--preset--spacing--50);padding-right:var(--wp--preset--spacing--50);padding-bottom:var(--wp--preset--spacing--50);padding-left:var(--wp--preset--spacing--50)\">\n<div class=\"wp-block-columns alignwide is-layout-flex wp-container-core-columns-is-layout-ff4b9c61 wp-block-columns-is-layout-flex\" style=\"margin-top:0;margin-bottom:0\">\n<div class=\"wp-block-column is-layout-flow wp-container-core-column-is-layout-8a368f38 wp-block-column-is-layout-flow\">\n<figure class=\"wp-block-image size-large is-style-rounded is-style-rounded--1\"><img loading=\"lazy\" decoding=\"async\" width=\"1024\" height=\"1024\" src=\"https:\/\/neuromeer.net\/wp-content\/uploads\/2024\/04\/20240311_093140-1-1024x1024.jpg\" alt=\"\" class=\"wp-image-120\" style=\"aspect-ratio:4\/3;object-fit:cover\" srcset=\"https:\/\/neuromeer.net\/wp-content\/uploads\/2024\/04\/20240311_093140-1-1024x1024.jpg 1024w, https:\/\/neuromeer.net\/wp-content\/uploads\/2024\/04\/20240311_093140-1-300x300.jpg 300w, https:\/\/neuromeer.net\/wp-content\/uploads\/2024\/04\/20240311_093140-1-150x150.jpg 150w, https:\/\/neuromeer.net\/wp-content\/uploads\/2024\/04\/20240311_093140-1-768x768.jpg 768w, https:\/\/neuromeer.net\/wp-content\/uploads\/2024\/04\/20240311_093140-1-1536x1536.jpg 1536w, https:\/\/neuromeer.net\/wp-content\/uploads\/2024\/04\/20240311_093140-1-2048x2048.jpg 2048w\" sizes=\"auto, (max-width: 1024px) 100vw, 1024px\" \/><\/figure>\n\n\n\n<div style=\"height:var(--wp--preset--spacing--50)\" aria-hidden=\"true\" class=\"wp-block-spacer\"><\/div>\n\n\n\n<figure class=\"wp-block-image size-full is-resized is-style-rounded is-style-rounded--2\"><img loading=\"lazy\" decoding=\"async\" width=\"949\" height=\"760\" src=\"https:\/\/neuromeer.net\/wp-content\/uploads\/2024\/05\/image-8.jpeg\" alt=\"\" class=\"wp-image-182\" style=\"aspect-ratio:0.75;object-fit:cover;width:220px;height:auto\" srcset=\"https:\/\/neuromeer.net\/wp-content\/uploads\/2024\/05\/image-8.jpeg 949w, https:\/\/neuromeer.net\/wp-content\/uploads\/2024\/05\/image-8-300x240.jpeg 300w, https:\/\/neuromeer.net\/wp-content\/uploads\/2024\/05\/image-8-768x615.jpeg 768w\" sizes=\"auto, (max-width: 949px) 100vw, 949px\" \/><\/figure>\n\n\n\n<div style=\"height:var(--wp--preset--spacing--50)\" aria-hidden=\"true\" class=\"wp-block-spacer\"><\/div>\n\n\n\n<figure class=\"wp-block-image size-large is-style-rounded is-style-rounded--3\"><img decoding=\"async\" src=\"https:\/\/neuromeer.net\/wp-content\/uploads\/2024\/04\/20240315_181725-1-1024x1024.jpg\" alt=\"\" class=\"wp-image-88\" style=\"aspect-ratio:3\/4;object-fit:cover\"\/><\/figure>\n<\/div>\n\n\n\n<div class=\"wp-block-column is-layout-flow wp-container-core-column-is-layout-8a368f38 wp-block-column-is-layout-flow\">\n<div style=\"height:var(--wp--preset--spacing--50)\" aria-hidden=\"true\" class=\"wp-block-spacer\"><\/div>\n\n\n\n<figure class=\"wp-block-image size-large is-style-rounded is-style-rounded--4\"><img loading=\"lazy\" decoding=\"async\" width=\"1024\" height=\"1024\" src=\"https:\/\/neuromeer.net\/wp-content\/uploads\/2024\/04\/20240313_155614_1-1-1024x1024.jpg\" alt=\"\" class=\"wp-image-107\" style=\"aspect-ratio:3\/4;object-fit:cover\" srcset=\"https:\/\/neuromeer.net\/wp-content\/uploads\/2024\/04\/20240313_155614_1-1-1024x1024.jpg 1024w, https:\/\/neuromeer.net\/wp-content\/uploads\/2024\/04\/20240313_155614_1-1-300x300.jpg 300w, https:\/\/neuromeer.net\/wp-content\/uploads\/2024\/04\/20240313_155614_1-1-150x150.jpg 150w, https:\/\/neuromeer.net\/wp-content\/uploads\/2024\/04\/20240313_155614_1-1-768x768.jpg 768w, https:\/\/neuromeer.net\/wp-content\/uploads\/2024\/04\/20240313_155614_1-1-1536x1536.jpg 1536w, https:\/\/neuromeer.net\/wp-content\/uploads\/2024\/04\/20240313_155614_1-1-2048x2048.jpg 2048w\" sizes=\"auto, (max-width: 1024px) 100vw, 1024px\" \/><\/figure>\n\n\n\n<div style=\"height:var(--wp--preset--spacing--50)\" aria-hidden=\"true\" class=\"wp-block-spacer\"><\/div>\n\n\n\n<figure class=\"wp-block-image size-large is-style-rounded is-style-rounded--5\"><img loading=\"lazy\" decoding=\"async\" width=\"1024\" height=\"768\" src=\"https:\/\/neuromeer.net\/wp-content\/uploads\/2024\/04\/20240315_181531-1-1024x768.jpg\" alt=\"\" class=\"wp-image-92\" style=\"aspect-ratio:16\/9;object-fit:cover\" srcset=\"https:\/\/neuromeer.net\/wp-content\/uploads\/2024\/04\/20240315_181531-1-1024x768.jpg 1024w, https:\/\/neuromeer.net\/wp-content\/uploads\/2024\/04\/20240315_181531-1-300x225.jpg 300w, https:\/\/neuromeer.net\/wp-content\/uploads\/2024\/04\/20240315_181531-1-768x576.jpg 768w, https:\/\/neuromeer.net\/wp-content\/uploads\/2024\/04\/20240315_181531-1-1536x1152.jpg 1536w, https:\/\/neuromeer.net\/wp-content\/uploads\/2024\/04\/20240315_181531-1-2048x1536.jpg 2048w\" sizes=\"auto, (max-width: 1024px) 100vw, 1024px\" \/><\/figure>\n\n\n\n<div style=\"height:var(--wp--preset--spacing--50)\" aria-hidden=\"true\" class=\"wp-block-spacer\"><\/div>\n\n\n\n<figure class=\"wp-block-image size-large is-style-rounded is-style-rounded--6\"><img loading=\"lazy\" decoding=\"async\" width=\"1024\" height=\"1024\" src=\"https:\/\/neuromeer.net\/wp-content\/uploads\/2024\/04\/20240311_151546-1024x1024.jpg\" alt=\"\" class=\"wp-image-76\" style=\"aspect-ratio:1;object-fit:cover\" srcset=\"https:\/\/neuromeer.net\/wp-content\/uploads\/2024\/04\/20240311_151546-1024x1024.jpg 1024w, https:\/\/neuromeer.net\/wp-content\/uploads\/2024\/04\/20240311_151546-300x300.jpg 300w, https:\/\/neuromeer.net\/wp-content\/uploads\/2024\/04\/20240311_151546-150x150.jpg 150w, https:\/\/neuromeer.net\/wp-content\/uploads\/2024\/04\/20240311_151546-768x768.jpg 768w, https:\/\/neuromeer.net\/wp-content\/uploads\/2024\/04\/20240311_151546-1536x1536.jpg 1536w, https:\/\/neuromeer.net\/wp-content\/uploads\/2024\/04\/20240311_151546-2048x2048.jpg 2048w\" sizes=\"auto, (max-width: 1024px) 100vw, 1024px\" \/><\/figure>\n<\/div>\n\n\n\n<div class=\"wp-block-column is-layout-flow wp-container-core-column-is-layout-8a368f38 wp-block-column-is-layout-flow\">\n<figure class=\"wp-block-image size-large is-style-rounded is-style-rounded--7\"><img decoding=\"async\" src=\"https:\/\/neuromeer.net\/wp-content\/uploads\/2024\/04\/20240315_181709-1-1024x1024.jpg\" alt=\"\" class=\"wp-image-89\" style=\"aspect-ratio:3\/4;object-fit:cover\"\/><\/figure>\n\n\n\n<div style=\"height:79px\" aria-hidden=\"true\" class=\"wp-block-spacer\"><\/div>\n\n\n\n<figure class=\"wp-block-image size-full\"><img loading=\"lazy\" decoding=\"async\" width=\"512\" height=\"512\" src=\"https:\/\/neuromeer.net\/wp-content\/uploads\/2024\/05\/cropped-NMLogo3.png\" alt=\"\" class=\"wp-image-214\" srcset=\"https:\/\/neuromeer.net\/wp-content\/uploads\/2024\/05\/cropped-NMLogo3.png 512w, https:\/\/neuromeer.net\/wp-content\/uploads\/2024\/05\/cropped-NMLogo3-300x300.png 300w, https:\/\/neuromeer.net\/wp-content\/uploads\/2024\/05\/cropped-NMLogo3-150x150.png 150w, https:\/\/neuromeer.net\/wp-content\/uploads\/2024\/05\/cropped-NMLogo3-270x270.png 270w, https:\/\/neuromeer.net\/wp-content\/uploads\/2024\/05\/cropped-NMLogo3-192x192.png 192w, https:\/\/neuromeer.net\/wp-content\/uploads\/2024\/05\/cropped-NMLogo3-180x180.png 180w, https:\/\/neuromeer.net\/wp-content\/uploads\/2024\/05\/cropped-NMLogo3-32x32.png 32w\" sizes=\"auto, (max-width: 512px) 100vw, 512px\" \/><\/figure>\n\n\n\n<div style=\"height:98px\" aria-hidden=\"true\" class=\"wp-block-spacer\"><\/div>\n\n\n\n<figure class=\"wp-block-image size-large is-style-rounded is-style-rounded--8\"><img loading=\"lazy\" decoding=\"async\" width=\"1024\" height=\"1024\" src=\"https:\/\/neuromeer.net\/wp-content\/uploads\/2024\/04\/20240315_145422-1024x1024.jpg\" alt=\"\" class=\"wp-image-57\" style=\"aspect-ratio:1;object-fit:cover\" srcset=\"https:\/\/neuromeer.net\/wp-content\/uploads\/2024\/04\/20240315_145422-1024x1024.jpg 1024w, https:\/\/neuromeer.net\/wp-content\/uploads\/2024\/04\/20240315_145422-300x300.jpg 300w, https:\/\/neuromeer.net\/wp-content\/uploads\/2024\/04\/20240315_145422-150x150.jpg 150w, https:\/\/neuromeer.net\/wp-content\/uploads\/2024\/04\/20240315_145422-768x768.jpg 768w, https:\/\/neuromeer.net\/wp-content\/uploads\/2024\/04\/20240315_145422-1536x1536.jpg 1536w, https:\/\/neuromeer.net\/wp-content\/uploads\/2024\/04\/20240315_145422-2048x2048.jpg 2048w\" sizes=\"auto, (max-width: 1024px) 100vw, 1024px\" \/><\/figure>\n<\/div>\n\n\n\n<div class=\"wp-block-column is-layout-flow wp-container-core-column-is-layout-8a368f38 wp-block-column-is-layout-flow\">\n<div style=\"height:var(--wp--preset--spacing--50)\" aria-hidden=\"true\" class=\"wp-block-spacer\"><\/div>\n\n\n\n<figure class=\"wp-block-image size-large is-style-rounded is-style-rounded--9\"><img loading=\"lazy\" decoding=\"async\" width=\"1024\" height=\"1024\" src=\"https:\/\/neuromeer.net\/wp-content\/uploads\/2024\/04\/20240315_181648-1-1024x1024.jpg\" alt=\"\" class=\"wp-image-90\" style=\"aspect-ratio:1;object-fit:cover\" srcset=\"https:\/\/neuromeer.net\/wp-content\/uploads\/2024\/04\/20240315_181648-1-1024x1024.jpg 1024w, https:\/\/neuromeer.net\/wp-content\/uploads\/2024\/04\/20240315_181648-1-300x300.jpg 300w, https:\/\/neuromeer.net\/wp-content\/uploads\/2024\/04\/20240315_181648-1-150x150.jpg 150w, https:\/\/neuromeer.net\/wp-content\/uploads\/2024\/04\/20240315_181648-1-768x768.jpg 768w, https:\/\/neuromeer.net\/wp-content\/uploads\/2024\/04\/20240315_181648-1-1536x1536.jpg 1536w, https:\/\/neuromeer.net\/wp-content\/uploads\/2024\/04\/20240315_181648-1-2048x2048.jpg 2048w\" sizes=\"auto, (max-width: 1024px) 100vw, 1024px\" \/><\/figure>\n\n\n\n<div style=\"height:75px\" aria-hidden=\"true\" class=\"wp-block-spacer\"><\/div>\n\n\n\n<figure class=\"wp-block-image size-large is-style-rounded is-style-rounded--10\"><img loading=\"lazy\" decoding=\"async\" width=\"1024\" height=\"1024\" src=\"https:\/\/neuromeer.net\/wp-content\/uploads\/2024\/04\/20240311_093213-1-1024x1024.jpg\" alt=\"\" class=\"wp-image-119\" style=\"aspect-ratio:16\/9;object-fit:cover\" srcset=\"https:\/\/neuromeer.net\/wp-content\/uploads\/2024\/04\/20240311_093213-1-1024x1024.jpg 1024w, https:\/\/neuromeer.net\/wp-content\/uploads\/2024\/04\/20240311_093213-1-300x300.jpg 300w, https:\/\/neuromeer.net\/wp-content\/uploads\/2024\/04\/20240311_093213-1-150x150.jpg 150w, https:\/\/neuromeer.net\/wp-content\/uploads\/2024\/04\/20240311_093213-1-768x768.jpg 768w, https:\/\/neuromeer.net\/wp-content\/uploads\/2024\/04\/20240311_093213-1-1536x1536.jpg 1536w, https:\/\/neuromeer.net\/wp-content\/uploads\/2024\/04\/20240311_093213-1-2048x2048.jpg 2048w\" sizes=\"auto, (max-width: 1024px) 100vw, 1024px\" \/><\/figure>\n\n\n\n<div style=\"height:62px\" aria-hidden=\"true\" class=\"wp-block-spacer\"><\/div>\n\n\n\n<figure class=\"wp-block-image size-large is-style-rounded is-style-rounded--11\"><img loading=\"lazy\" decoding=\"async\" width=\"1024\" height=\"712\" src=\"https:\/\/neuromeer.net\/wp-content\/uploads\/2024\/04\/20240315_131407-1-1024x712.jpg\" alt=\"\" class=\"wp-image-97\" style=\"aspect-ratio:9\/16;object-fit:cover\" srcset=\"https:\/\/neuromeer.net\/wp-content\/uploads\/2024\/04\/20240315_131407-1-1024x712.jpg 1024w, https:\/\/neuromeer.net\/wp-content\/uploads\/2024\/04\/20240315_131407-1-300x209.jpg 300w, https:\/\/neuromeer.net\/wp-content\/uploads\/2024\/04\/20240315_131407-1-768x534.jpg 768w, https:\/\/neuromeer.net\/wp-content\/uploads\/2024\/04\/20240315_131407-1-1536x1068.jpg 1536w, https:\/\/neuromeer.net\/wp-content\/uploads\/2024\/04\/20240315_131407-1-2048x1424.jpg 2048w\" sizes=\"auto, (max-width: 1024px) 100vw, 1024px\" \/><\/figure>\n<\/div>\n<\/div>\n<\/div>\n\n\n\n<div class=\"wp-block-media-text has-media-on-the-right is-stacked-on-mobile\"><div class=\"wp-block-media-text__content\">\n<p>Sabine Zuch-Haischmann (1969) Neurographiktrainerin, \u00c4sthetischer Coach und au\u00dferdem: Diplomtheologin, Spielp\u00e4dagogin, NLP-Trainerin, Systemische Therapeutin und Religionslehrerin. Im Mai 22 begegnete mir die Neurographik zum ersten Mal. Seitdem sind Stifte und Papier mein st\u00e4ndiger Begleiter. Sie bieten mir weitere effektive M\u00f6glichkeiten des Selbstausdrucks, der Selbsterkenntnis und des pers\u00f6nlichem Wachstums. Als NeuroGraphiktrainerin und \u00e4sthetischer Coach nutze ich die wirkungsvollen Zeichnungen nicht nur f\u00fcr mich, sondern zeige auch anderen, wie sie die Wirkung der einfachen Zeichenmethode auf K\u00f6rper und Seele nutzen k\u00f6nnen. Ich liebe es anderen auf ihrem Weg weiterzuhelfen und bin immer begierig darauf Neues zu lernen und das Gelernte weiter zu geben, so dass du auch davon profitieren kannst.<\/p>\n<\/div><figure class=\"wp-block-media-text__media\"><img loading=\"lazy\" decoding=\"async\" width=\"758\" height=\"1024\" src=\"https:\/\/neuromeer.net\/wp-content\/uploads\/2024\/04\/20240315_181709-1-scaled-e1715797066368-758x1024.jpg\" alt=\"\" class=\"wp-image-89 size-full\" srcset=\"https:\/\/neuromeer.net\/wp-content\/uploads\/2024\/04\/20240315_181709-1-scaled-e1715797066368-758x1024.jpg 758w, https:\/\/neuromeer.net\/wp-content\/uploads\/2024\/04\/20240315_181709-1-scaled-e1715797066368-222x300.jpg 222w, https:\/\/neuromeer.net\/wp-content\/uploads\/2024\/04\/20240315_181709-1-scaled-e1715797066368-768x1038.jpg 768w, https:\/\/neuromeer.net\/wp-content\/uploads\/2024\/04\/20240315_181709-1-scaled-e1715797066368-1136x1536.jpg 1136w, https:\/\/neuromeer.net\/wp-content\/uploads\/2024\/04\/20240315_181709-1-scaled-e1715797066368-1515x2048.jpg 1515w, https:\/\/neuromeer.net\/wp-content\/uploads\/2024\/04\/20240315_181709-1-scaled-e1715797066368.jpg 1723w\" sizes=\"auto, (max-width: 758px) 100vw, 758px\" \/><\/figure><\/div>\n\n\n\n<p><\/p>\n\n\n\n<div class=\"wp-block-media-text has-media-on-the-right is-stacked-on-mobile\"><div class=\"wp-block-media-text__content\">\n<p>Ich hei\u00dfe Vasiliki Melissi (1969), bin Ikonenmalerin, Neurographic Trainerin,<br>\u00c4sthetische Coach und Reiseleiterin. In meine Seminare f\u00fcr Ikonenmalerei und<br>Mosaik bringe ich Kinder une Erwachsene bei die traditionelle Technik und die<br>heutige Kreativit\u00e4t zu kombinieren. Die Reiseleitung von deutschsprachigen<br>Touristen mache ich aus Liebe f\u00fcr meine Heimat und aus Begeisterung neue<br>Menschen kennenzulernen. Ich freue mich Erinnerungen zu schaffen die ein<br>Leben lang wirken.<br>Die Neurographic die ich seit 2022 \u00fcbe hat in meinem Leben einen spielerischen<br>Aspekt mitgebracht. Ich komponiere die Spiritualit\u00e4t der Ikonen und die<br>Transformation der Neurographik um die Freude, das Spielen, die Leichtigkeit,<br>die Harmonie und die Liebe zu zelebrieren.<\/p>\n<\/div><figure class=\"wp-block-media-text__media\"><img loading=\"lazy\" decoding=\"async\" width=\"1024\" height=\"1024\" src=\"https:\/\/neuromeer.net\/wp-content\/uploads\/2024\/04\/20240315_181648-1-1024x1024.jpg\" alt=\"\" class=\"wp-image-90 size-full\" srcset=\"https:\/\/neuromeer.net\/wp-content\/uploads\/2024\/04\/20240315_181648-1-1024x1024.jpg 1024w, https:\/\/neuromeer.net\/wp-content\/uploads\/2024\/04\/20240315_181648-1-300x300.jpg 300w, https:\/\/neuromeer.net\/wp-content\/uploads\/2024\/04\/20240315_181648-1-150x150.jpg 150w, https:\/\/neuromeer.net\/wp-content\/uploads\/2024\/04\/20240315_181648-1-768x768.jpg 768w, https:\/\/neuromeer.net\/wp-content\/uploads\/2024\/04\/20240315_181648-1-1536x1536.jpg 1536w, https:\/\/neuromeer.net\/wp-content\/uploads\/2024\/04\/20240315_181648-1-2048x2048.jpg 2048w\" sizes=\"auto, (max-width: 1024px) 100vw, 1024px\" \/><\/figure><\/div>\n","protected":false},"excerpt":{"rendered":"<p>Wir haben durch die Neurographik zusammen gefunden und geben mit Leidenschaft unser Wissen f\u00fcr dich weiter. Jede mit ihrer eigenen Geschichte, um deine Geschichte mit neuen Linien und neuen Gedanken zu bereichern und zu erfrischen Sabine Zuch-Haischmann (1969) Neurographiktrainerin, \u00c4sthetischer Coach und au\u00dferdem: Diplomtheologin, Spielp\u00e4dagogin, NLP-Trainerin, Systemische Therapeutin und Religionslehrerin. Im Mai 22 begegnete mir [&hellip;]<\/p>\n","protected":false},"author":2,"featured_media":0,"parent":0,"menu_order":0,"comment_status":"closed","ping_status":"closed","template":"","meta":{"footnotes":""},"class_list":["post-50","page","type-page","status-publish","hentry"],"_links":{"self":[{"href":"https:\/\/neuromeer.net\/index.php?rest_route=\/wp\/v2\/pages\/50","targetHints":{"allow":["GET"]}}],"collection":[{"href":"https:\/\/neuromeer.net\/index.php?rest_route=\/wp\/v2\/pages"}],"about":[{"href":"https:\/\/neuromeer.net\/index.php?rest_route=\/wp\/v2\/types\/page"}],"author":[{"embeddable":true,"href":"https:\/\/neuromeer.net\/index.php?rest_route=\/wp\/v2\/users\/2"}],"replies":[{"embeddable":true,"href":"https:\/\/neuromeer.net\/index.php?rest_route=%2Fwp%2Fv2%2Fcomments&post=50"}],"version-history":[{"count":29,"href":"https:\/\/neuromeer.net\/index.php?rest_route=\/wp\/v2\/pages\/50\/revisions"}],"predecessor-version":[{"id":319,"href":"https:\/\/neuromeer.net\/index.php?rest_route=\/wp\/v2\/pages\/50\/revisions\/319"}],"wp:attachment":[{"href":"https:\/\/neuromeer.net\/index.php?rest_route=%2Fwp%2Fv2%2Fmedia&parent=50"}],"curies":[{"name":"wp","href":"https:\/\/api.w.org\/{rel}","templated":true}]}}