{"id":9,"date":"2024-04-03T20:11:55","date_gmt":"2024-04-03T18:11:55","guid":{"rendered":"https:\/\/neuromeer.net\/?page_id=9"},"modified":"2025-08-31T21:26:09","modified_gmt":"2025-08-31T19:26:09","slug":"herzlich-willkommen-bei-neuromeer","status":"publish","type":"page","link":"https:\/\/neuromeer.net\/","title":{"rendered":"Zeichne und mache dein Leben bunter"},"content":{"rendered":"\n<div class=\"wp-block-group alignfull has-accent-background-color has-background has-global-padding is-layout-constrained wp-container-core-group-is-layout-669513ed wp-block-group-is-layout-constrained\" style=\"margin-top:0;margin-bottom:0;padding-top:var(--wp--preset--spacing--50);padding-right:var(--wp--preset--spacing--50);padding-bottom:var(--wp--preset--spacing--50);padding-left:var(--wp--preset--spacing--50)\">\n<div class=\"wp-block-columns alignwide is-layout-flex wp-container-core-columns-is-layout-1da03c2a wp-block-columns-is-layout-flex\">\n<div class=\"wp-block-column is-vertically-aligned-stretch is-layout-flow wp-block-column-is-layout-flow\" style=\"flex-basis:50%\">\n<div class=\"wp-block-group is-vertical is-content-justification-stretch is-layout-flex wp-container-core-group-is-layout-444d5ee8 wp-block-group-is-layout-flex\" style=\"min-height:100%\">\n<p class=\"has-heading-font-family has-x-large-font-size\" style=\"line-height:1.2\">&#8222;Wenn Du ein&nbsp;<strong>Schiff<\/strong>&nbsp;bauen willst, dann trommle nicht M\u00e4nner zusammen, um Holz zu beschaffen, Aufgaben zu vergeben und die Arbeit einzuteilen. Sondern lehre sie die Sehnsucht nach dem weiten, endlosen Meer.&#8220; <\/p>\n\n\n\n<div class=\"wp-block-group has-global-padding is-content-justification-left is-layout-constrained wp-container-core-group-is-layout-9fe8ed88 wp-block-group-is-layout-constrained\">\n<p class=\"wp-container-content-0733e5d0\">Antoine de St Exupery<\/p>\n\n\n\n<div class=\"wp-block-buttons is-layout-flex wp-block-buttons-is-layout-flex\">\n<div class=\"wp-block-button\"><a class=\"wp-block-button__link wp-element-button\" href=\"https:\/\/neuromeer.net\/?page_id=50\">\u00dcber uns<\/a><\/div>\n<\/div>\n<\/div>\n<\/div>\n<\/div>\n\n\n\n<div class=\"wp-block-column is-vertically-aligned-center is-layout-flow wp-block-column-is-layout-flow\" style=\"flex-basis:50%\">\n<figure class=\"wp-block-image size-large\"><img loading=\"lazy\" decoding=\"async\" width=\"1024\" height=\"821\" src=\"https:\/\/neuromeer.net\/wp-content\/uploads\/2024\/04\/image-1-e1712164985550-1024x821.jpeg\" alt=\"Zeichnung Meer, Baum und Fisch\" class=\"wp-image-11\" srcset=\"https:\/\/neuromeer.net\/wp-content\/uploads\/2024\/04\/image-1-e1712164985550-1024x821.jpeg 1024w, https:\/\/neuromeer.net\/wp-content\/uploads\/2024\/04\/image-1-e1712164985550-300x241.jpeg 300w, https:\/\/neuromeer.net\/wp-content\/uploads\/2024\/04\/image-1-e1712164985550-768x616.jpeg 768w, https:\/\/neuromeer.net\/wp-content\/uploads\/2024\/04\/image-1-e1712164985550.jpeg 1251w\" sizes=\"auto, (max-width: 1024px) 100vw, 1024px\" \/><\/figure>\n<\/div>\n<\/div>\n<\/div>\n\n\n\n<div class=\"wp-block-group alignfull has-base-background-color has-background has-global-padding is-layout-constrained wp-container-core-group-is-layout-d89aad35 wp-block-group-is-layout-constrained\" style=\"margin-top:0;margin-bottom:0;padding-top:var(--wp--preset--spacing--50);padding-right:var(--wp--preset--spacing--50);padding-bottom:var(--wp--preset--spacing--50);padding-left:var(--wp--preset--spacing--50)\">\n<div class=\"wp-block-columns alignwide is-layout-flex wp-container-core-columns-is-layout-549b0c86 wp-block-columns-is-layout-flex\">\n<div class=\"wp-block-column has-global-padding is-content-justification-left is-layout-constrained wp-container-core-column-is-layout-4f15e8fe wp-block-column-is-layout-constrained\" style=\"flex-basis:40%\">\n<p>Entdecke deine Leidenschaft in wundersch\u00f6ner Landschaft und lass deinen Blick im Innen und im Au\u00dfen neue Perspektiven finden.<\/p>\n\n\n\n<figure class=\"wp-block-image size-large is-resized\"><img loading=\"lazy\" decoding=\"async\" width=\"1024\" height=\"576\" src=\"https:\/\/neuromeer.net\/wp-content\/uploads\/2024\/04\/IMG_20240315_171235-1024x576.jpg\" alt=\"\" class=\"wp-image-24\" style=\"width:315px;height:auto\" srcset=\"https:\/\/neuromeer.net\/wp-content\/uploads\/2024\/04\/IMG_20240315_171235-1024x576.jpg 1024w, https:\/\/neuromeer.net\/wp-content\/uploads\/2024\/04\/IMG_20240315_171235-300x169.jpg 300w, https:\/\/neuromeer.net\/wp-content\/uploads\/2024\/04\/IMG_20240315_171235-768x432.jpg 768w, https:\/\/neuromeer.net\/wp-content\/uploads\/2024\/04\/IMG_20240315_171235-1536x864.jpg 1536w, https:\/\/neuromeer.net\/wp-content\/uploads\/2024\/04\/IMG_20240315_171235-2048x1152.jpg 2048w\" sizes=\"auto, (max-width: 1024px) 100vw, 1024px\" \/><\/figure>\n<\/div>\n\n\n\n<div class=\"wp-block-column is-layout-flow wp-container-core-column-is-layout-119bc444 wp-block-column-is-layout-flow\" style=\"flex-basis:60%\">\n<p class=\"has-heading-font-family has-x-large-font-size\" style=\"line-height:1.2\">Unsere Leidenschaft ist es, Entwicklungsr\u00e4ume zu schaffen, die Mut und Begeisterung entfachen, Gemeinschaft f\u00f6rdern und Transformation erm\u00f6glichen, w\u00e4hrend wir sch\u00f6ne Orte entdecken.<\/p>\n\n\n\n<div class=\"wp-block-columns is-layout-flex wp-container-core-columns-is-layout-87beb0d0 wp-block-columns-is-layout-flex\">\n<div class=\"wp-block-column is-layout-flow wp-block-column-is-layout-flow\">\n<p class=\"wp-container-content-9cfa9a5a\">Erlebe mit uns pers\u00f6nliche Ver\u00e4nderung und finde f\u00fcr dich neue Wege mit NeuroGraphik &#8211;                  Erlebe Coaching an den sch\u00f6nsten Orten am Meer, in Gemeinschaft und entdecke Begeisterung neu.<br>Dein perfekter Urlaub f\u00fcr K\u00f6rper, Geist und Seele.<\/p>\n<\/div>\n\n\n\n<div class=\"wp-block-column is-layout-flow wp-block-column-is-layout-flow\">\n<p>Erlebe, wie du mit jedem Strich mehr merkst, wie die Wellen deines Lebens ruhiger werden und aus der Tiefe deiner Seele, das zum Vorschein kommt, was du schon immer sein wolltest.<\/p>\n\n\n\n<p>Am Ende der gemeinsamen Zeit, kannst du mit einem Schritt f\u00fcr Schritt-Plan nach Hause gehen, wie du die gewonnenen neuen Ansichten und Einsichten in dein Leben integrierst. Keine Angst, wir sind da, um dir dabei zu helfen.<\/p>\n<\/div>\n<\/div>\n<\/div>\n<\/div>\n<\/div>\n\n\n\n<div class=\"wp-block-group alignfull has-accent-5-background-color has-background has-global-padding is-layout-constrained wp-container-core-group-is-layout-d89aad35 wp-block-group-is-layout-constrained\" style=\"margin-top:0;margin-bottom:0;padding-top:var(--wp--preset--spacing--50);padding-right:var(--wp--preset--spacing--50);padding-bottom:var(--wp--preset--spacing--50);padding-left:var(--wp--preset--spacing--50)\">\n<div class=\"wp-block-columns alignwide is-layout-flex wp-container-core-columns-is-layout-1da03c2a wp-block-columns-is-layout-flex\">\n<div class=\"wp-block-column is-vertically-aligned-center is-layout-flow wp-block-column-is-layout-flow\" style=\"flex-basis:60%\">\n<figure class=\"wp-block-image size-full is-style-rounded wp-duotone-duotone-1 is-style-rounded--1\"><img loading=\"lazy\" decoding=\"async\" width=\"2048\" height=\"2048\" src=\"https:\/\/neuromeer.net\/wp-content\/uploads\/2024\/04\/image-3.jpeg\" alt=\"Bilder von unserem Team an sch\u00f6nen Orten\" class=\"wp-image-16\" style=\"aspect-ratio:4\/3;object-fit:cover\" srcset=\"https:\/\/neuromeer.net\/wp-content\/uploads\/2024\/04\/image-3.jpeg 2048w, https:\/\/neuromeer.net\/wp-content\/uploads\/2024\/04\/image-3-300x300.jpeg 300w, https:\/\/neuromeer.net\/wp-content\/uploads\/2024\/04\/image-3-1024x1024.jpeg 1024w, https:\/\/neuromeer.net\/wp-content\/uploads\/2024\/04\/image-3-150x150.jpeg 150w, https:\/\/neuromeer.net\/wp-content\/uploads\/2024\/04\/image-3-768x768.jpeg 768w, https:\/\/neuromeer.net\/wp-content\/uploads\/2024\/04\/image-3-1536x1536.jpeg 1536w\" sizes=\"auto, (max-width: 2048px) 100vw, 2048px\" \/><\/figure>\n<\/div>\n\n\n\n<div class=\"wp-block-column is-layout-flow wp-block-column-is-layout-flow\" style=\"flex-basis:40%\">\n<h2 class=\"wp-block-heading\">Wir begleiten dich mit Freude zu mehr F\u00fclle und Gelassenheit<\/h2>\n\n\n\n<p>Erfahre mehr \u00fcber unsere Angebote und sieh, wie sie f\u00fcr dich n\u00fctzlich sein k\u00f6nnen:<\/p>\n\n\n\n<div class=\"wp-block-buttons is-layout-flex wp-block-buttons-is-layout-flex\">\n<div class=\"wp-block-button\"><a class=\"wp-block-button__link wp-element-button\" href=\"https:\/\/neuromeer.net\/?page_id=38\">wann, was, wo<\/a><\/div>\n<\/div>\n<\/div>\n<\/div>\n<\/div>\n\n\n\n<div class=\"wp-block-group alignfull has-global-padding is-layout-constrained wp-container-core-group-is-layout-669513ed wp-block-group-is-layout-constrained\" style=\"margin-top:0;margin-bottom:0;padding-top:var(--wp--preset--spacing--50);padding-right:var(--wp--preset--spacing--50);padding-bottom:var(--wp--preset--spacing--50);padding-left:var(--wp--preset--spacing--50)\">\n<div class=\"wp-block-group is-vertical is-content-justification-center is-layout-flex wp-container-core-group-is-layout-ce155fab wp-block-group-is-layout-flex\">\n<h2 class=\"wp-block-heading has-text-align-center has-xx-large-font-size\"><a href=\"https:\/\/neuromeer.net\/?page_id=50\" data-type=\"page\" data-id=\"50\">Lerne unser Team kennen<\/a><\/h2>\n\n\n\n<p class=\"has-text-align-center\">Wir freuen uns, dich bei deinem Pers\u00f6nlichen Wachstum zu begleiten und dir Wege zu zeigen, bei denen du mit der Kraft der Wellen voran kommst.<\/p>\n<\/div>\n\n\n\n<div style=\"height:var(--wp--preset--spacing--30)\" aria-hidden=\"true\" class=\"wp-block-spacer\"><\/div>\n\n\n\n<div class=\"wp-block-columns alignwide are-vertically-aligned-top is-layout-flex wp-container-core-columns-is-layout-4935966c wp-block-columns-is-layout-flex\" style=\"padding-right:0;padding-left:0\">\n<div class=\"wp-block-column is-vertically-aligned-top is-layout-flow wp-block-column-is-layout-flow\">\n<figure class=\"wp-block-image size-full is-style-rounded is-style-rounded--2\"><img loading=\"lazy\" decoding=\"async\" width=\"2560\" height=\"2560\" src=\"https:\/\/neuromeer.net\/wp-content\/uploads\/2024\/04\/20240315_181648-1-scaled.jpg\" alt=\"\" class=\"wp-image-90\" style=\"aspect-ratio:1;object-fit:cover\" srcset=\"https:\/\/neuromeer.net\/wp-content\/uploads\/2024\/04\/20240315_181648-1-scaled.jpg 2560w, https:\/\/neuromeer.net\/wp-content\/uploads\/2024\/04\/20240315_181648-1-300x300.jpg 300w, https:\/\/neuromeer.net\/wp-content\/uploads\/2024\/04\/20240315_181648-1-1024x1024.jpg 1024w, https:\/\/neuromeer.net\/wp-content\/uploads\/2024\/04\/20240315_181648-1-150x150.jpg 150w, https:\/\/neuromeer.net\/wp-content\/uploads\/2024\/04\/20240315_181648-1-768x768.jpg 768w, https:\/\/neuromeer.net\/wp-content\/uploads\/2024\/04\/20240315_181648-1-1536x1536.jpg 1536w, https:\/\/neuromeer.net\/wp-content\/uploads\/2024\/04\/20240315_181648-1-2048x2048.jpg 2048w\" sizes=\"auto, (max-width: 2560px) 100vw, 2560px\" \/><\/figure>\n\n\n\n<div class=\"wp-block-group is-vertical is-content-justification-center is-nowrap is-layout-flex wp-container-core-group-is-layout-63bfd6c1 wp-block-group-is-layout-flex\">\n<p class=\"has-text-align-center has-small-font-size\">Vasiliki Mellissi<\/p>\n<\/div>\n<\/div>\n\n\n\n<div class=\"wp-block-column is-vertically-aligned-top is-layout-flow wp-block-column-is-layout-flow\">\n<figure class=\"wp-block-image size-full is-style-rounded is-style-rounded--3\"><img loading=\"lazy\" decoding=\"async\" width=\"1723\" height=\"2329\" src=\"https:\/\/neuromeer.net\/wp-content\/uploads\/2024\/04\/20240315_181709-1-scaled-e1715797066368.jpg\" alt=\"\" class=\"wp-image-89\" style=\"aspect-ratio:1;object-fit:cover\" srcset=\"https:\/\/neuromeer.net\/wp-content\/uploads\/2024\/04\/20240315_181709-1-scaled-e1715797066368.jpg 1723w, https:\/\/neuromeer.net\/wp-content\/uploads\/2024\/04\/20240315_181709-1-scaled-e1715797066368-222x300.jpg 222w, https:\/\/neuromeer.net\/wp-content\/uploads\/2024\/04\/20240315_181709-1-scaled-e1715797066368-758x1024.jpg 758w, https:\/\/neuromeer.net\/wp-content\/uploads\/2024\/04\/20240315_181709-1-scaled-e1715797066368-768x1038.jpg 768w, https:\/\/neuromeer.net\/wp-content\/uploads\/2024\/04\/20240315_181709-1-scaled-e1715797066368-1136x1536.jpg 1136w, https:\/\/neuromeer.net\/wp-content\/uploads\/2024\/04\/20240315_181709-1-scaled-e1715797066368-1515x2048.jpg 1515w\" sizes=\"auto, (max-width: 1723px) 100vw, 1723px\" \/><\/figure>\n\n\n\n<div class=\"wp-block-group is-vertical is-content-justification-center is-nowrap is-layout-flex wp-container-core-group-is-layout-21d4e958 wp-block-group-is-layout-flex\">\n<p class=\"has-text-align-center has-small-font-size\"> Sabine Zuch-Haischmann<\/p>\n<\/div>\n<\/div>\n<\/div>\n<\/div>\n\n\n\n<div class=\"wp-block-group alignfull has-base-color has-contrast-background-color has-text-color has-background has-link-color wp-elements-be8ec4f4f1017cd6ebce466a4dbbea88 has-global-padding is-layout-constrained wp-container-core-group-is-layout-d89aad35 wp-block-group-is-layout-constrained\" style=\"margin-top:0;margin-bottom:0;padding-top:var(--wp--preset--spacing--50);padding-right:var(--wp--preset--spacing--50);padding-bottom:var(--wp--preset--spacing--50);padding-left:var(--wp--preset--spacing--50)\">\n<h2 class=\"wp-block-heading alignwide has-base-color has-text-color has-link-color wp-elements-c9b5699bdecff18878afa112249018b5\" style=\"font-size:clamp(4.509rem, 4.509rem + ((1vw - 0.2rem) * 9.152), 10rem);letter-spacing:-0.02em\">FAQs<\/h2>\n\n\n\n<div class=\"wp-block-group alignwide is-layout-flow wp-block-group-is-layout-flow\">\n<hr class=\"wp-block-separator has-text-color has-base-color has-alpha-channel-opacity has-base-background-color has-background is-style-wide\"\/>\n\n\n\n<details class=\"wp-block-details is-style-arrow-icon-details has-medium-font-size is-layout-flow wp-block-details-is-layout-flow\" style=\"border-top-style:none;border-top-width:0px;border-right-style:none;border-right-width:0px;border-bottom-color:var(--wp--preset--color--base);border-bottom-style:solid;border-bottom-width:1px;border-left-style:none;border-left-width:0px;margin-top:0\"><summary>brauche ich Vorkenntnisse?<\/summary>\n<p class=\"has-contrast-1-color has-text-color has-link-color wp-elements-b5b580e18a5bd419ae1b98691b47b3c5\">Nein, du brauchst keine Vorkenntnisse, wir erkl\u00e4ren alles von Anfang an. Alles, was du k\u00f6nnen musst, ist einen Stift zu halten.<br>Wenn du zeichnen kannst, wirst du ganz neue Ans\u00e4tze kennen lernen<br>wenn du Neurographik schon kennst, wirst du weitere Erkenntnisse bekommen. Wir holen dich da ab, wo du grade stehst.<\/p>\n<\/details>\n\n\n\n<details class=\"wp-block-details is-style-arrow-icon-details has-medium-font-size is-layout-flow wp-block-details-is-layout-flow\" style=\"border-top-style:none;border-top-width:0px;border-right-style:none;border-right-width:0px;border-bottom-color:var(--wp--preset--color--base);border-bottom-style:solid;border-bottom-width:1px;border-left-style:none;border-left-width:0px;margin-top:0\"><summary>Was beinhaltet der Kurse?<\/summary>\n<p class=\"has-contrast-1-color has-text-color has-link-color wp-elements-238f17f28c31ff53059cfc6875a900c6\">Du lernst die Grundlagen der Neurographik kennen und bekommst einen zertifizierten Basiskurs. Dar\u00fcber hinaus bekommst du viele weitere Anregungen und Modelle der Neurographik, mit denen du deine eigenen Themen bearbeiten kannst und lernst, wie du es in Zukunft f\u00fcr dich zu Hause machen kannst.<br>Au\u00dferdem kannst du uns live alle Fragen stellen und in vertrauensvoller Atmosph\u00e4re Erfahrungen machen.<\/p>\n<\/details>\n\n\n\n<details class=\"wp-block-details is-style-arrow-icon-details has-medium-font-size is-layout-flow wp-block-details-is-layout-flow\" style=\"border-top-style:none;border-top-width:0px;border-right-style:none;border-right-width:0px;border-bottom-color:var(--wp--preset--color--base);border-bottom-style:solid;border-bottom-width:1px;border-left-style:none;border-left-width:0px;margin-top:0\"><summary>Wie finde ich eine Unterkunft? Wie komme ich hin?<\/summary>\n<p class=\"has-contrast-1-color has-text-color has-link-color wp-elements-79615b1ccd8d3a22114ac8aa4537c8c5\">In Nea  Mudania  gibt es in der N\u00e4he Unterk\u00fcnfte zu kleinen Preisen. Wir zeigen dir eine Auswahl, du kannst dir auch selbst etwas suchen.<\/p>\n\n\n\n<p>Es gibt viele und g\u00fcnstige Fl\u00fcge von Deutschland nach Thessaloniki, von dort ist es nicht weit, und du kommst von dort gut nach Nea Mudania. N\u00e4here Infos bekommst du mit der Anmeldung bzw auf Nachfrage.<\/p>\n<\/details>\n\n\n\n<details class=\"wp-block-details is-style-arrow-icon-details has-medium-font-size is-layout-flow wp-block-details-is-layout-flow\" style=\"border-top-style:none;border-top-width:0px;border-right-style:none;border-right-width:0px;border-bottom-color:var(--wp--preset--color--base);border-bottom-style:solid;border-bottom-width:1px;border-left-style:none;border-left-width:0px;margin-top:0\"><summary>Was bringt es mir teilzunehmen?<\/summary>\n<p class=\"has-contrast-1-color has-text-color has-link-color wp-elements-c097cf50383d197ab3adbdc1fac07d46\">du kannst lerne, was \u00fcberhaupt Neurographik ist, du bekommst die Sicherheit, dass du es selbst machen kannst, ohne weitere Anleitung.<br>Du lernst deine Themen zu l\u00f6sen, ohne dar\u00fcber lange zu reden. Du kannst damit neue Wege erkunden.<br>Du hast immer die Freiheit, zu entscheiden, wie du deinen Weg gestaltest, und kannst dich \u00fcberraschen lassen und deinen Kopf mal ausschalten.<br>Entdecke neue Sch\u00e4tze in dir!<\/p>\n<\/details>\n\n\n\n<div style=\"margin-top:var(--wp--preset--spacing--10);margin-bottom:0;height:var(--wp--preset--spacing--10)\" aria-hidden=\"true\" class=\"wp-block-spacer\"><\/div>\n<\/div>\n<\/div>\n\n\n\n<div class=\"wp-block-group alignfull has-global-padding is-layout-constrained wp-container-core-group-is-layout-d89aad35 wp-block-group-is-layout-constrained\" style=\"margin-top:0;margin-bottom:0;padding-top:var(--wp--preset--spacing--50);padding-right:var(--wp--preset--spacing--50);padding-bottom:var(--wp--preset--spacing--50);padding-left:var(--wp--preset--spacing--50)\">\n<div class=\"wp-block-columns alignwide are-vertically-aligned-center is-layout-flex wp-container-core-columns-is-layout-47c06fe3 wp-block-columns-is-layout-flex\">\n<div class=\"wp-block-column is-vertically-aligned-center is-layout-flow wp-block-column-is-layout-flow\" style=\"flex-basis:50%\">\n<h2 class=\"wp-block-heading\">Willst du mehr von uns wissen, trage dich zu unserem Newletter ein.<\/h2>\n\n\n\n<ul style=\"line-height:1.75\" class=\"wp-block-list is-style-checkmark-list\">\n<li>Erfahre unsere Ideen.<\/li>\n\n\n\n<li>Lass dich inspirieren.<\/li>\n\n\n\n<li>Mach dich auf zu neuen Wegen.<\/li>\n<\/ul>\n\n\n\n<p>Bis unser mailsystem automatisch l\u00e4uft, schreibe uns eine Mail mit Newsletter bitte! an info@lernenmachtspass.net<\/p>\n<\/div>\n\n\n\n<div class=\"wp-block-column is-vertically-aligned-center is-layout-flow wp-block-column-is-layout-flow\" style=\"flex-basis:50%\">\n<figure class=\"wp-block-image size-full is-style-rounded is-style-rounded--4\"><img loading=\"lazy\" decoding=\"async\" width=\"2560\" height=\"2560\" src=\"https:\/\/neuromeer.net\/wp-content\/uploads\/2024\/04\/20240310_174751-scaled.jpg\" alt=\"\" class=\"wp-image-28\" style=\"aspect-ratio:4\/3;object-fit:cover\" srcset=\"https:\/\/neuromeer.net\/wp-content\/uploads\/2024\/04\/20240310_174751-scaled.jpg 2560w, https:\/\/neuromeer.net\/wp-content\/uploads\/2024\/04\/20240310_174751-300x300.jpg 300w, https:\/\/neuromeer.net\/wp-content\/uploads\/2024\/04\/20240310_174751-1024x1024.jpg 1024w, https:\/\/neuromeer.net\/wp-content\/uploads\/2024\/04\/20240310_174751-150x150.jpg 150w, https:\/\/neuromeer.net\/wp-content\/uploads\/2024\/04\/20240310_174751-768x768.jpg 768w, https:\/\/neuromeer.net\/wp-content\/uploads\/2024\/04\/20240310_174751-1536x1536.jpg 1536w, https:\/\/neuromeer.net\/wp-content\/uploads\/2024\/04\/20240310_174751-2048x2048.jpg 2048w\" sizes=\"auto, (max-width: 2560px) 100vw, 2560px\" \/><\/figure>\n<\/div>\n<\/div>\n<\/div>\n\n\n\n<p><\/p>\n","protected":false},"excerpt":{"rendered":"<p>&#8222;Wenn Du ein&nbsp;Schiff&nbsp;bauen willst, dann trommle nicht M\u00e4nner zusammen, um Holz zu beschaffen, Aufgaben zu vergeben und die Arbeit einzuteilen. Sondern lehre sie die Sehnsucht nach dem weiten, endlosen Meer.&#8220; Antoine de St Exupery Entdecke deine Leidenschaft in wundersch\u00f6ner Landschaft und lass deinen Blick im Innen und im Au\u00dfen neue Perspektiven finden. Unsere Leidenschaft ist [&hellip;]<\/p>\n","protected":false},"author":2,"featured_media":68,"parent":0,"menu_order":0,"comment_status":"closed","ping_status":"closed","template":"","meta":{"footnotes":""},"class_list":["post-9","page","type-page","status-publish","has-post-thumbnail","hentry"],"_links":{"self":[{"href":"https:\/\/neuromeer.net\/index.php?rest_route=\/wp\/v2\/pages\/9","targetHints":{"allow":["GET"]}}],"collection":[{"href":"https:\/\/neuromeer.net\/index.php?rest_route=\/wp\/v2\/pages"}],"about":[{"href":"https:\/\/neuromeer.net\/index.php?rest_route=\/wp\/v2\/types\/page"}],"author":[{"embeddable":true,"href":"https:\/\/neuromeer.net\/index.php?rest_route=\/wp\/v2\/users\/2"}],"replies":[{"embeddable":true,"href":"https:\/\/neuromeer.net\/index.php?rest_route=%2Fwp%2Fv2%2Fcomments&post=9"}],"version-history":[{"count":28,"href":"https:\/\/neuromeer.net\/index.php?rest_route=\/wp\/v2\/pages\/9\/revisions"}],"predecessor-version":[{"id":318,"href":"https:\/\/neuromeer.net\/index.php?rest_route=\/wp\/v2\/pages\/9\/revisions\/318"}],"wp:featuredmedia":[{"embeddable":true,"href":"https:\/\/neuromeer.net\/index.php?rest_route=\/wp\/v2\/media\/68"}],"wp:attachment":[{"href":"https:\/\/neuromeer.net\/index.php?rest_route=%2Fwp%2Fv2%2Fmedia&parent=9"}],"curies":[{"name":"wp","href":"https:\/\/api.w.org\/{rel}","templated":true}]}}